{"id":498,"date":"2022-05-17T19:08:58","date_gmt":"2022-05-17T17:08:58","guid":{"rendered":"http:\/\/www.edile-consulting.com\/?page_id=498"},"modified":"2023-01-17T18:13:16","modified_gmt":"2023-01-17T17:13:16","slug":"on-parle-de-nous","status":"publish","type":"page","link":"https:\/\/www.edile-consulting.com\/fr_fr\/on-parle-de-nous\/","title":{"rendered":"On parle de nous"},"content":{"rendered":"\n<div class=\"wp-block-cover alignfull\" style=\"min-height:300px;aspect-ratio:unset;\"><span aria-hidden=\"true\" class=\"wp-block-cover__background has-nv-light-bg-background-color has-background-dim-70 has-background-dim\"><\/span><img loading=\"lazy\" decoding=\"async\" width=\"2560\" height=\"1705\" class=\"wp-block-cover__image-background wp-image-223\" alt=\"\" src=\"https:\/\/www.edile-consulting.com\/wp-content\/uploads\/2022\/04\/iStock-1324189687-scaled.jpg\" data-object-fit=\"cover\" srcset=\"https:\/\/www.edile-consulting.com\/wp-content\/uploads\/2022\/04\/iStock-1324189687-scaled.jpg 2560w, https:\/\/www.edile-consulting.com\/wp-content\/uploads\/2022\/04\/iStock-1324189687-300x200.jpg 300w, https:\/\/www.edile-consulting.com\/wp-content\/uploads\/2022\/04\/iStock-1324189687-1024x682.jpg 1024w, https:\/\/www.edile-consulting.com\/wp-content\/uploads\/2022\/04\/iStock-1324189687-768x512.jpg 768w, https:\/\/www.edile-consulting.com\/wp-content\/uploads\/2022\/04\/iStock-1324189687-1536x1023.jpg 1536w, https:\/\/www.edile-consulting.com\/wp-content\/uploads\/2022\/04\/iStock-1324189687-2048x1364.jpg 2048w, https:\/\/www.edile-consulting.com\/wp-content\/uploads\/2022\/04\/iStock-1324189687-18x12.jpg 18w, https:\/\/www.edile-consulting.com\/wp-content\/uploads\/2022\/04\/iStock-1324189687-930x620.jpg 930w\" sizes=\"auto, (max-width: 2560px) 100vw, 2560px\" \/><div class=\"wp-block-cover__inner-container is-layout-flow wp-block-cover-is-layout-flow\">\n<div class=\"wp-block-group\"><div class=\"wp-block-group__inner-container is-layout-flow wp-block-group-is-layout-flow\">\n<h1 class=\"has-text-align-left has-neve-text-color-color has-text-color wp-block-heading\">On parle de nous<\/h1>\n<\/div><\/div>\n<\/div><\/div>\n\n\n\n<p><\/p>\n\n\n\n<div class=\"wp-block-cover alignfull\" style=\"min-height:600px;aspect-ratio:unset;\"><span aria-hidden=\"true\" class=\"wp-block-cover__background has-nv-site-bg-background-color has-background-dim-100 has-background-dim\"><\/span><div class=\"wp-block-cover__inner-container is-layout-flow wp-block-cover-is-layout-flow\">\n<div class=\"wp-block-group\"><div class=\"wp-block-group__inner-container is-layout-flow wp-block-group-is-layout-flow\">\n<div style=\"height:80px\" aria-hidden=\"true\" class=\"wp-block-spacer\"><\/div>\n\n\n\n<div class=\"wp-block-columns are-vertically-aligned-center is-layout-flex wp-container-core-columns-is-layout-9d6595d7 wp-block-columns-is-layout-flex\">\n<div class=\"wp-block-column is-vertically-aligned-center is-layout-flow wp-block-column-is-layout-flow\" style=\"flex-basis:50%\">\n<figure class=\"wp-block-image size-full\"><img loading=\"lazy\" decoding=\"async\" width=\"940\" height=\"788\" src=\"https:\/\/www.edile-consulting.com\/wp-content\/uploads\/2023\/01\/nouvel-obs.jpeg\" alt=\"\" class=\"wp-image-555\" srcset=\"https:\/\/www.edile-consulting.com\/wp-content\/uploads\/2023\/01\/nouvel-obs.jpeg 940w, https:\/\/www.edile-consulting.com\/wp-content\/uploads\/2023\/01\/nouvel-obs-300x251.jpeg 300w, https:\/\/www.edile-consulting.com\/wp-content\/uploads\/2023\/01\/nouvel-obs-768x644.jpeg 768w, https:\/\/www.edile-consulting.com\/wp-content\/uploads\/2023\/01\/nouvel-obs-14x12.jpeg 14w\" sizes=\"auto, (max-width: 940px) 100vw, 940px\" \/><\/figure>\n<\/div>\n\n\n\n<div class=\"wp-block-column is-vertically-aligned-center is-layout-flow wp-block-column-is-layout-flow\" style=\"flex-basis:50%\">\n<h2 class=\"has-neve-text-color-color has-text-color wp-block-heading\">Mondial 2022 &#8211; Notre ami le Qatar<\/h2>\n\n\n\n<p class=\"has-neve-text-color-color has-text-color\">Mais <strong>la figure incontournable de cet univers est une femme<\/strong>, <strong>Sihem Souid<\/strong>, ancienne de la police des fronti\u00e8res qui s&rsquo;\u00e9tait fait conna\u00eetre en 2010 avec un livre choc \u00ab\u00a0<em>Omerta dans la police<\/em>\u00a0\u00bb Apr\u00e8s avoir \u00e9t\u00e9 porte-parole d&rsquo;Arnaud Montebourg, elle a int\u00e9gr\u00e9 le cabinet de Christiane Taubira au minist\u00e8re de la Justice. Elle a aussi collabor\u00e9 \u00e0 l&rsquo;hebdomadaire Le Point. <strong>C&rsquo;est par elle que l&rsquo;\u00e9mir a obtenu le 15 septembre dernier la une du magazine et pas moins de 16 pages d&rsquo;entretien pour faire la promotion de son r\u00e9gime<\/strong>. Sihem Souid a \u00e9t\u00e9 recrut\u00e9e par Meshal al-Thani, ambassadeur du Qatar en France de 2013 \u00e0 2016. \u00ab\u00a0<em>Il \u00e9tait l\u00e0 pour faire le m\u00e9nage, mettre fin \u00e0 cette p\u00e9riode o\u00f9 les politiques fran\u00e7ais prenaient le Qatar pour la Banque de Franc<\/em>e\u00a0\u00bb, raconte <strong>cette femme de 41 ans au franc-parler peu commun pour une communicante<\/strong>. <strong>Changer l&rsquo;image du Qatar, donc. La lisser<\/strong>.<\/p>\n\n\n\n<p class=\"has-neve-text-color-color has-text-color\">Aussi, Sihem Souid en contient pas son agacement, elle qui peine \u00e0 trouver des soutiens en faveur de l&rsquo;\u00e9mirat \u00e0 quelques semaines du Mondial : \u00ab\u00a0<em>Marre de ces gens qui vont l\u00e0-bas faire du business et qui se cachent quand il s&rsquo;agit de nous d\u00e9fendre ! On aimerait que le gouvernement dise la v\u00e9rit\u00e9. Le Qatar est un alli\u00e9 de la France et il n&rsquo;a pas \u00e0 rougir. Gr\u00e2ce \u00e0 cette Coupe du Monde, beaucoup de choses ont \u00e9t\u00e9 am\u00e9lior\u00e9es sur place<\/em>.\u00a0\u00bb<\/p>\n\n\n\n<p class=\"has-neve-text-color-color has-text-color\"><em>Novembre 2022<\/em><\/p>\n<\/div>\n<\/div>\n\n\n\n<div style=\"height:40px\" aria-hidden=\"true\" class=\"wp-block-spacer\"><\/div>\n<\/div><\/div>\n<\/div><\/div>\n\n\n\n<hr class=\"wp-block-separator has-alpha-channel-opacity\"\/>\n\n\n\n<div class=\"wp-block-cover alignfull\" style=\"min-height:863px;aspect-ratio:unset;\"><span aria-hidden=\"true\" class=\"wp-block-cover__background has-nv-light-bg-background-color has-background-dim-100 has-background-dim\"><\/span><div class=\"wp-block-cover__inner-container is-layout-flow wp-block-cover-is-layout-flow\">\n<p class=\"has-text-align-left has-neve-text-color-color has-text-color has-large-font-size\"><strong>Comment lutter contre les injustices ? Sihem Souid est l&rsquo;invit\u00e9e de Adile Farquane<\/strong><\/p>\n\n\n\n<figure class=\"wp-block-embed is-type-video is-provider-youtube wp-block-embed-youtube wp-embed-aspect-16-9 wp-has-aspect-ratio\"><div class=\"wp-block-embed__wrapper\">\n<div class=\"nv-iframe-embed\"><iframe loading=\"lazy\" title=\"Comment lutter contre les injustices ? Sihem Souid est l&#039;invit\u00e9e de Adile Farquane.\" width=\"1200\" height=\"675\" src=\"https:\/\/www.youtube.com\/embed\/sFv5cY7PJQ0?feature=oembed\" frameborder=\"0\" allow=\"accelerometer; autoplay; clipboard-write; encrypted-media; gyroscope; picture-in-picture; web-share\" allowfullscreen><\/iframe><\/div>\n<\/div><\/figure>\n<\/div><\/div>\n\n\n\n<hr class=\"wp-block-separator has-alpha-channel-opacity\"\/>\n\n\n\n<div style=\"height:100px\" aria-hidden=\"true\" class=\"wp-block-spacer\"><\/div>\n\n\n\n<div class=\"wp-block-cover alignfull\"><span aria-hidden=\"true\" class=\"wp-block-cover__background has-nv-site-bg-background-color has-background-dim-100 has-background-dim\"><\/span><div class=\"wp-block-cover__inner-container is-layout-flow wp-block-cover-is-layout-flow\">\n<p class=\"has-text-align-left has-neve-text-color-color has-text-color has-large-font-size\"><strong>Edile Consulting emm\u00e8ne la Fondation TF1 au Qatar<\/strong><\/p>\n\n\n\n<figure class=\"wp-block-embed is-type-video is-provider-youtube wp-block-embed-youtube wp-embed-aspect-16-9 wp-has-aspect-ratio\"><div class=\"wp-block-embed__wrapper\">\n<div class=\"nv-iframe-embed\"><iframe loading=\"lazy\" title=\"La fondation TF1 au Qatar - Mai 2022\" width=\"1200\" height=\"675\" src=\"https:\/\/www.youtube.com\/embed\/iCekF-V4M0U?feature=oembed\" frameborder=\"0\" allow=\"accelerometer; autoplay; clipboard-write; encrypted-media; gyroscope; picture-in-picture; web-share\" allowfullscreen><\/iframe><\/div>\n<\/div><\/figure>\n<\/div><\/div>\n\n\n\n<hr class=\"wp-block-separator has-alpha-channel-opacity\"\/>\n\n\n\n<div class=\"wp-block-cover alignfull\" style=\"min-height:600px;aspect-ratio:unset;\"><span aria-hidden=\"true\" class=\"wp-block-cover__background has-nv-light-bg-background-color has-background-dim-100 has-background-dim\"><\/span><div class=\"wp-block-cover__inner-container is-layout-flow wp-block-cover-is-layout-flow\">\n<div class=\"wp-block-group\"><div class=\"wp-block-group__inner-container is-layout-flow wp-block-group-is-layout-flow\">\n<div style=\"height:80px\" aria-hidden=\"true\" class=\"wp-block-spacer\"><\/div>\n\n\n\n<div class=\"wp-block-columns are-vertically-aligned-center is-layout-flex wp-container-core-columns-is-layout-9d6595d7 wp-block-columns-is-layout-flex\">\n<div class=\"wp-block-column is-vertically-aligned-center is-layout-flow wp-block-column-is-layout-flow\" style=\"flex-basis:50%\">\n<figure class=\"wp-block-image size-large\"><img loading=\"lazy\" decoding=\"async\" width=\"702\" height=\"1024\" src=\"http:\/\/www.edile-consulting.com\/wp-content\/uploads\/2022\/05\/IOL-702x1024.jpg\" alt=\"\" class=\"wp-image-502\" srcset=\"https:\/\/www.edile-consulting.com\/wp-content\/uploads\/2022\/05\/IOL-702x1024.jpg 702w, https:\/\/www.edile-consulting.com\/wp-content\/uploads\/2022\/05\/IOL-206x300.jpg 206w, https:\/\/www.edile-consulting.com\/wp-content\/uploads\/2022\/05\/IOL-768x1120.jpg 768w, https:\/\/www.edile-consulting.com\/wp-content\/uploads\/2022\/05\/IOL-8x12.jpg 8w, https:\/\/www.edile-consulting.com\/wp-content\/uploads\/2022\/05\/IOL.jpg 936w\" sizes=\"auto, (max-width: 702px) 100vw, 702px\" \/><\/figure>\n<\/div>\n\n\n\n<div class=\"wp-block-column is-vertically-aligned-center is-layout-flow wp-block-column-is-layout-flow\" style=\"flex-basis:50%\">\n<h2 class=\"has-neve-text-color-color has-text-color wp-block-heading\">Op\u00e9ration s\u00e9duction au Qatar pour le Quai d&rsquo;Orsay<\/h2>\n\n\n\n<p class=\"has-neve-text-color-color has-text-color\">\u201c En marge du Doha Forum, la France s&rsquo;est employ\u00e9e \u00e0 faire avancer l&rsquo;\u00e9pineux dossier gazier aupr\u00e8s des autorit\u00e9s qataries.<br>L&rsquo;\u00e9v\u00e9nement a aussi permis \u00e0 l&rsquo;Elys\u00e9e d&rsquo;encourager le virage pro-Kiev de l&rsquo;\u00e9mirat.<\/p>\n\n\n\n<p class=\"has-neve-text-color-color has-text-color\">C&rsquo;est dans les all\u00e9es de l&rsquo;incontournable Sheraton de Doha que s&rsquo;est r\u00e9unie, les 26 et 27 mars, une myriade d&rsquo;acteurs politiques et \u00e9conomiques internationaux <strong>sous la supervision directe de l&rsquo;\u00e9mir du Qatar, Tamim bin Hamad al-Thani<\/strong>. Sur fond de crise \u00e9nerg\u00e9tique, <strong>le ministre des affaires \u00e9trang\u00e8res, Jean-Yves Le Drian<\/strong>, a finalement consenti \u00e0 s&rsquo;exprimer devant cette assembl\u00e9e du Doha Forum, dont l&rsquo;organisation et la communication ont notamment \u00e9t\u00e9 <strong>facilit\u00e9s par la lobbyiste fran\u00e7aise Sihem Souid et son cabinet Edile Consulting<\/strong> (IO du 04\/05\/21). Il a saisi cette occasion pour rappeler \u00e0 l&rsquo;\u00e9mir la force des relations bilat\u00e9rales entre la France et le Qatar, avant de s&rsquo;envoler pour Mascate et Koweit City. \u201d<\/p>\n\n\n\n<p class=\"has-neve-text-color-color has-text-color\"><em>Avril 2022<\/em><\/p>\n<\/div>\n<\/div>\n\n\n\n<div style=\"height:40px\" aria-hidden=\"true\" class=\"wp-block-spacer\"><\/div>\n<\/div><\/div>\n<\/div><\/div>\n\n\n\n<hr class=\"wp-block-separator has-css-opacity\"\/>\n\n\n\n<div class=\"wp-block-cover alignfull\" style=\"min-height:600px;aspect-ratio:unset;\"><span aria-hidden=\"true\" class=\"wp-block-cover__background has-nv-site-bg-background-color has-background-dim-100 has-background-dim\"><\/span><div class=\"wp-block-cover__inner-container is-layout-flow wp-block-cover-is-layout-flow\">\n<div class=\"wp-block-group\"><div class=\"wp-block-group__inner-container is-layout-flow wp-block-group-is-layout-flow\">\n<div style=\"height:80px\" aria-hidden=\"true\" class=\"wp-block-spacer\"><\/div>\n\n\n\n<div class=\"wp-block-columns are-vertically-aligned-center is-layout-flex wp-container-core-columns-is-layout-9d6595d7 wp-block-columns-is-layout-flex\">\n<div class=\"wp-block-column is-vertically-aligned-center is-layout-flow wp-block-column-is-layout-flow\" style=\"flex-basis:50%\">\n<figure class=\"wp-block-image size-full\"><img loading=\"lazy\" decoding=\"async\" width=\"489\" height=\"673\" src=\"http:\/\/www.edile-consulting.com\/wp-content\/uploads\/2022\/05\/lalettreA-2.png\" alt=\"\" class=\"wp-image-504\" srcset=\"https:\/\/www.edile-consulting.com\/wp-content\/uploads\/2022\/05\/lalettreA-2.png 489w, https:\/\/www.edile-consulting.com\/wp-content\/uploads\/2022\/05\/lalettreA-2-218x300.png 218w, https:\/\/www.edile-consulting.com\/wp-content\/uploads\/2022\/05\/lalettreA-2-9x12.png 9w\" sizes=\"auto, (max-width: 489px) 100vw, 489px\" \/><\/figure>\n<\/div>\n\n\n\n<div class=\"wp-block-column is-vertically-aligned-center is-layout-flow wp-block-column-is-layout-flow\" style=\"flex-basis:50%\">\n<h2 class=\"has-neve-text-color-color has-text-color wp-block-heading\">Doha confie Bruxelles et Strasbourg \u00e0 Sihem Souid<\/h2>\n\n\n\n<p class=\"has-neve-text-color-color has-text-color\">\u201c <strong>La communicante Sihem Souid vient de renouveler son contrat de relations presse et affaires publiques avec le Qatar. Son p\u00e9rim\u00e8tre est \u00e9tendu \u00e0 la Belgique et \u00e0 Strasbourg, o\u00f9 elle se chargera du lobbying pro-qatari au Parlement europ\u00e9en<\/strong>. L&rsquo;ex-polici\u00e8re, qui travaille pour l&rsquo;ambassadeur de l&rsquo;\u00e9mirat gazier et p\u00e9trolier \u00e0 Paris, a directement sign\u00e9 avec le <strong>Government Communications Office<\/strong>, \u00e9tabli \u00e0 Doha et dirig\u00e9 par Saif Ahmed al Thani. \u201c<\/p>\n\n\n\n<p class=\"has-neve-text-color-color has-text-color\"><em>mars 2018<\/em><\/p>\n<\/div>\n<\/div>\n\n\n\n<div style=\"height:40px\" aria-hidden=\"true\" class=\"wp-block-spacer\"><\/div>\n<\/div><\/div>\n<\/div><\/div>\n\n\n\n<hr class=\"wp-block-separator has-css-opacity\"\/>\n\n\n\n<div class=\"wp-block-cover alignfull\" style=\"min-height:600px;aspect-ratio:unset;\"><span aria-hidden=\"true\" class=\"wp-block-cover__background has-nv-light-bg-background-color has-background-dim-100 has-background-dim\"><\/span><div class=\"wp-block-cover__inner-container is-layout-flow wp-block-cover-is-layout-flow\">\n<div class=\"wp-block-group\"><div class=\"wp-block-group__inner-container is-layout-flow wp-block-group-is-layout-flow\">\n<div style=\"height:80px\" aria-hidden=\"true\" class=\"wp-block-spacer\"><\/div>\n\n\n\n<div class=\"wp-block-columns are-vertically-aligned-center is-layout-flex wp-container-core-columns-is-layout-9d6595d7 wp-block-columns-is-layout-flex\">\n<div class=\"wp-block-column is-vertically-aligned-center is-layout-flow wp-block-column-is-layout-flow\" style=\"flex-basis:50%\">\n<figure class=\"wp-block-image size-full\"><img loading=\"lazy\" decoding=\"async\" width=\"953\" height=\"985\" src=\"http:\/\/www.edile-consulting.com\/wp-content\/uploads\/2022\/05\/lalettreA-1.png\" alt=\"\" class=\"wp-image-505\" srcset=\"https:\/\/www.edile-consulting.com\/wp-content\/uploads\/2022\/05\/lalettreA-1.png 953w, https:\/\/www.edile-consulting.com\/wp-content\/uploads\/2022\/05\/lalettreA-1-290x300.png 290w, https:\/\/www.edile-consulting.com\/wp-content\/uploads\/2022\/05\/lalettreA-1-768x794.png 768w, https:\/\/www.edile-consulting.com\/wp-content\/uploads\/2022\/05\/lalettreA-1-12x12.png 12w\" sizes=\"auto, (max-width: 953px) 100vw, 953px\" \/><\/figure>\n<\/div>\n\n\n\n<div class=\"wp-block-column is-vertically-aligned-center is-layout-flow wp-block-column-is-layout-flow\" style=\"flex-basis:50%\">\n<h2 class=\"has-neve-text-color-color has-text-color wp-block-heading\">Le Qatar courtise les patrons de m\u00e9dias<\/h2>\n\n\n\n<p class=\"has-neve-text-color-color has-text-color\">\u201c <strong>L&rsquo;\u00e9mirat fait appel aux services de Sihem Souid<\/strong>, proche du PS, qui mon\u00e9tise d\u00e9sormais son entregent\u2026<\/p>\n\n\n\n<p class=\"has-neve-text-color-color has-text-color\">Le premier client de Sihem Souid, Meshal bin Hamad al-Thani, ambassadeur du Qatar \u00e0 Paris, l&rsquo;a charg\u00e9e d&rsquo;<strong>inviter des patrons de presse<\/strong> pour r\u00e9pondre aux accusations dont fait l&rsquo;objet l&rsquo;\u00e9mirat, mis en cause pour son r\u00f4le trouble dans le financement de Daech.<\/p>\n\n\n\n<p class=\"has-neve-text-color-color has-text-color\"><strong>Le contrat a \u00e9t\u00e9 sign\u00e9 pour une dur\u00e9e de quatre ans avec la soci\u00e9t\u00e9 Edile Consulting dont Sihem Souid est la directrice g\u00e9n\u00e9rale<\/strong>. Celle qui jongle entre ses casquettes de chroniqueuse au Point et de communicante n&rsquo;a pas perdu de temps : elle a organis\u00e9 plusieurs d\u00e9jeuners avec les patrons de la presse \u00e9crite, comme avec <strong>Christophe Barbier<\/strong>, directeur de <strong>L&rsquo;Express<\/strong>, fin octobre et <strong>Laurent Joffrin<\/strong>, accompagn\u00e9 de deux journalistes de <strong>Lib\u00e9ration<\/strong> mi-mars. Son mentor <strong>Franz-Olivier Giesbert<\/strong> ainsi qu&rsquo;<strong>Etienne Gernelle<\/strong>, son patron au <strong>Point<\/strong>, se sont aussi rendus \u00e0 la r\u00e9sidence de l&rsquo;ambassadeur en mars. M\u00eame chose avec les patrons de t\u00e9l\u00e9vision: le directeur de <strong>BFMTV<\/strong>, <strong>Alain Weill<\/strong>, est venu avec <strong>Ruth Elkrief<\/strong> et <strong>Ulysse Gosset<\/strong> \u00e0 la table du diplomate en octobre\u2026 \u201d<\/p>\n\n\n\n<p class=\"has-neve-text-color-color has-text-color\"><em>Avril 2016<\/em><\/p>\n<\/div>\n<\/div>\n\n\n\n<div style=\"height:40px\" aria-hidden=\"true\" class=\"wp-block-spacer\"><\/div>\n<\/div><\/div>\n<\/div><\/div>\n\n\n\n<hr class=\"wp-block-separator has-css-opacity\"\/>\n\n\n\n<div class=\"wp-block-cover alignfull is-light\" id=\"contact\"><span aria-hidden=\"true\" class=\"wp-block-cover__background has-nv-light-bg-background-color has-background-dim-50 has-background-dim\"><\/span><img loading=\"lazy\" decoding=\"async\" width=\"2121\" height=\"1414\" class=\"wp-block-cover__image-background wp-image-227\" alt=\"\" src=\"https:\/\/www.edile-consulting.com\/wp-content\/uploads\/2022\/04\/iStock-1272469361-1.jpg\" data-object-fit=\"cover\" srcset=\"https:\/\/www.edile-consulting.com\/wp-content\/uploads\/2022\/04\/iStock-1272469361-1.jpg 2121w, https:\/\/www.edile-consulting.com\/wp-content\/uploads\/2022\/04\/iStock-1272469361-1-300x200.jpg 300w, https:\/\/www.edile-consulting.com\/wp-content\/uploads\/2022\/04\/iStock-1272469361-1-1024x683.jpg 1024w, https:\/\/www.edile-consulting.com\/wp-content\/uploads\/2022\/04\/iStock-1272469361-1-768x512.jpg 768w, https:\/\/www.edile-consulting.com\/wp-content\/uploads\/2022\/04\/iStock-1272469361-1-1536x1024.jpg 1536w, https:\/\/www.edile-consulting.com\/wp-content\/uploads\/2022\/04\/iStock-1272469361-1-2048x1365.jpg 2048w, https:\/\/www.edile-consulting.com\/wp-content\/uploads\/2022\/04\/iStock-1272469361-1-18x12.jpg 18w, https:\/\/www.edile-consulting.com\/wp-content\/uploads\/2022\/04\/iStock-1272469361-1-930x620.jpg 930w\" sizes=\"auto, (max-width: 2121px) 100vw, 2121px\" \/><div class=\"wp-block-cover__inner-container is-layout-flow wp-block-cover-is-layout-flow\"><div class=\"wpforms-container wpforms-container-full wpforms-block\" id=\"wpforms-356\"><form id=\"wpforms-form-356\" class=\"wpforms-validate wpforms-form wpforms-ajax-form\" data-formid=\"356\" method=\"post\" enctype=\"multipart\/form-data\" action=\"\/fr_fr\/wp-json\/wp\/v2\/pages\/498\" data-token=\"4654441276c4cb6644f45cba0c059719\" data-token-time=\"1777127999\"><noscript class=\"wpforms-error-noscript\">Veuillez activer JavaScript dans votre navigateur pour remplir ce formulaire.<\/noscript><div class=\"wpforms-field-container\"><div id=\"wpforms-356-field_0-container\" class=\"wpforms-field wpforms-field-name\" data-field-id=\"0\"><label class=\"wpforms-field-label\">Votre identit\u00e9 : <span class=\"wpforms-required-label\">*<\/span><\/label><div class=\"wpforms-field-row wpforms-field-medium\"><div class=\"wpforms-field-row-block wpforms-first wpforms-one-half\"><input type=\"text\" id=\"wpforms-356-field_0\" class=\"wpforms-field-name-first wpforms-field-required\" name=\"wpforms[fields][0][first]\" required><label for=\"wpforms-356-field_0\" class=\"wpforms-field-sublabel after\">Pr\u00e9nom<\/label><\/div><div class=\"wpforms-field-row-block wpforms-one-half\"><input type=\"text\" id=\"wpforms-356-field_0-last\" class=\"wpforms-field-name-last wpforms-field-required\" name=\"wpforms[fields][0][last]\" required><label for=\"wpforms-356-field_0-last\" class=\"wpforms-field-sublabel after\">Nom<\/label><\/div><\/div><\/div><div id=\"wpforms-356-field_5-container\" class=\"wpforms-field wpforms-field-text\" data-field-id=\"5\"><label class=\"wpforms-field-label\" for=\"wpforms-356-field_5\">Nom de votre organisation <\/label><input type=\"text\" id=\"wpforms-356-field_5\" class=\"wpforms-field-medium\" name=\"wpforms[fields][5]\" ><\/div><div id=\"wpforms-356-field_6-container\" class=\"wpforms-field wpforms-field-text\" data-field-id=\"6\"><label class=\"wpforms-field-label\" for=\"wpforms-356-field_6\">Votre fonction<\/label><input type=\"text\" id=\"wpforms-356-field_6\" class=\"wpforms-field-medium\" name=\"wpforms[fields][6]\" ><\/div><div id=\"wpforms-356-field_1-container\" class=\"wpforms-field wpforms-field-email\" data-field-id=\"1\"><label class=\"wpforms-field-label\" for=\"wpforms-356-field_1\">Votre adresse Email <span class=\"wpforms-required-label\">*<\/span><\/label><input type=\"email\" id=\"wpforms-356-field_1\" class=\"wpforms-field-medium wpforms-field-required\" name=\"wpforms[fields][1]\" spellcheck=\"false\" required><\/div><div id=\"wpforms-356-field_7-container\" class=\"wpforms-field wpforms-field-text\" data-field-id=\"7\"><label class=\"wpforms-field-label\" for=\"wpforms-356-field_7\">Votre num\u00e9ro de t\u00e9l\u00e9phone<\/label><input type=\"text\" id=\"wpforms-356-field_7\" class=\"wpforms-field-medium\" name=\"wpforms[fields][7]\" ><\/div><div id=\"wpforms-356-field_2-container\" class=\"wpforms-field wpforms-field-textarea\" data-field-id=\"2\"><label class=\"wpforms-field-label\" for=\"wpforms-356-field_2\">Votre Message <span class=\"wpforms-required-label\">*<\/span><\/label><textarea id=\"wpforms-356-field_2\" class=\"wpforms-field-medium wpforms-field-required\" name=\"wpforms[fields][2]\" required><\/textarea><\/div><\/div><!-- .wpforms-field-container --><div class=\"wpforms-recaptcha-container wpforms-is-recaptcha wpforms-is-recaptcha-type-v2\" ><div class=\"g-recaptcha\" data-sitekey=\"6LfaCYUfAAAAAN2uhhD-3GBDiZdQqymFfVmcCJaR\"><\/div><input type=\"text\" name=\"g-recaptcha-hidden\" class=\"wpforms-recaptcha-hidden\" style=\"position:absolute!important;clip:rect(0,0,0,0)!important;height:1px!important;width:1px!important;border:0!important;overflow:hidden!important;padding:0!important;margin:0!important;\" data-rule-recaptcha=\"1\"><\/div><div class=\"wpforms-submit-container\" ><input type=\"hidden\" name=\"wpforms[id]\" value=\"356\"><input type=\"hidden\" name=\"page_title\" value=\"\"><input type=\"hidden\" name=\"page_url\" value=\"https:\/\/www.edile-consulting.com\/fr_fr\/wp-json\/wp\/v2\/pages\/498\"><input type=\"hidden\" name=\"url_referer\" value=\"\"><button type=\"submit\" name=\"wpforms[submit]\" id=\"wpforms-submit-356\" class=\"wpforms-submit\" data-alt-text=\"Envoi...\" data-submit-text=\"Envoyer\" aria-live=\"assertive\" value=\"wpforms-submit\">Envoyer<\/button><img loading=\"lazy\" decoding=\"async\" src=\"https:\/\/www.edile-consulting.com\/wp-content\/plugins\/wpforms-lite\/assets\/images\/submit-spin.svg\" class=\"wpforms-submit-spinner\" style=\"display: none;\" width=\"26\" height=\"26\" alt=\"Chargement en cours\"><\/div><\/form><\/div>  <!-- .wpforms-container --><\/div><\/div>\n","protected":false},"excerpt":{"rendered":"","protected":false},"author":1,"featured_media":0,"parent":0,"menu_order":0,"comment_status":"closed","ping_status":"closed","template":"","meta":{"neve_meta_sidebar":"","neve_meta_container":"","neve_meta_enable_content_width":"on","neve_meta_content_width":100,"neve_meta_title_alignment":"","neve_meta_author_avatar":"","neve_post_elements_order":"","neve_meta_disable_header":"","neve_meta_disable_footer":"","neve_meta_disable_title":"on","_themeisle_gutenberg_block_has_review":false,"footnotes":""},"class_list":["post-498","page","type-page","status-publish","hentry"],"jetpack_sharing_enabled":true,"_links":{"self":[{"href":"https:\/\/www.edile-consulting.com\/fr_fr\/wp-json\/wp\/v2\/pages\/498","targetHints":{"allow":["GET"]}}],"collection":[{"href":"https:\/\/www.edile-consulting.com\/fr_fr\/wp-json\/wp\/v2\/pages"}],"about":[{"href":"https:\/\/www.edile-consulting.com\/fr_fr\/wp-json\/wp\/v2\/types\/page"}],"author":[{"embeddable":true,"href":"https:\/\/www.edile-consulting.com\/fr_fr\/wp-json\/wp\/v2\/users\/1"}],"replies":[{"embeddable":true,"href":"https:\/\/www.edile-consulting.com\/fr_fr\/wp-json\/wp\/v2\/comments?post=498"}],"version-history":[{"count":27,"href":"https:\/\/www.edile-consulting.com\/fr_fr\/wp-json\/wp\/v2\/pages\/498\/revisions"}],"predecessor-version":[{"id":567,"href":"https:\/\/www.edile-consulting.com\/fr_fr\/wp-json\/wp\/v2\/pages\/498\/revisions\/567"}],"wp:attachment":[{"href":"https:\/\/www.edile-consulting.com\/fr_fr\/wp-json\/wp\/v2\/media?parent=498"}],"curies":[{"name":"wp","href":"https:\/\/api.w.org\/{rel}","templated":true}]}}