{"id":307,"date":"2020-01-13T11:17:52","date_gmt":"2020-01-13T11:17:52","guid":{"rendered":"https:\/\/demosites.io\/web-agency-gb\/?page_id=5"},"modified":"2025-12-17T20:15:37","modified_gmt":"2025-12-17T19:15:37","slug":"15c42-web-agency-gb-home","status":"publish","type":"page","link":"https:\/\/www.edile-consulting.com\/en\/","title":{"rendered":"Home"},"content":{"rendered":"\n<div class=\"wp-block-cover alignfull is-light animated fadeIn delay-1s\" style=\"min-height:643px;aspect-ratio:unset;\"><img loading=\"lazy\" decoding=\"async\" width=\"2560\" height=\"1705\" class=\"wp-block-cover__image-background wp-image-223\" alt=\"\" src=\"http:\/\/www.edile-consulting.com\/wp-content\/uploads\/2022\/04\/iStock-1324189687-scaled.jpg\" style=\"object-position:54% 32%\" data-object-fit=\"cover\" data-object-position=\"54% 32%\" srcset=\"https:\/\/www.edile-consulting.com\/wp-content\/uploads\/2022\/04\/iStock-1324189687-scaled.jpg 2560w, https:\/\/www.edile-consulting.com\/wp-content\/uploads\/2022\/04\/iStock-1324189687-300x200.jpg 300w, https:\/\/www.edile-consulting.com\/wp-content\/uploads\/2022\/04\/iStock-1324189687-1024x682.jpg 1024w, https:\/\/www.edile-consulting.com\/wp-content\/uploads\/2022\/04\/iStock-1324189687-768x512.jpg 768w, https:\/\/www.edile-consulting.com\/wp-content\/uploads\/2022\/04\/iStock-1324189687-1536x1023.jpg 1536w, https:\/\/www.edile-consulting.com\/wp-content\/uploads\/2022\/04\/iStock-1324189687-2048x1364.jpg 2048w, https:\/\/www.edile-consulting.com\/wp-content\/uploads\/2022\/04\/iStock-1324189687-18x12.jpg 18w, https:\/\/www.edile-consulting.com\/wp-content\/uploads\/2022\/04\/iStock-1324189687-930x620.jpg 930w\" sizes=\"auto, (max-width: 2560px) 100vw, 2560px\" \/><span aria-hidden=\"true\" class=\"wp-block-cover__background has-background-dim\"><\/span><div class=\"wp-block-cover__inner-container is-layout-flow wp-block-cover-is-layout-flow\">\n<div style=\"height:80px\" aria-hidden=\"true\" class=\"wp-block-spacer\"><\/div>\n\n\n\n<h2 class=\"wp-block-heading has-text-align-center has-nv-text-dark-bg-color has-text-color\">Edile Consulting (ELN Group)<\/h2>\n\n\n\n<h1 class=\"wp-block-heading has-text-align-center has-nv-text-dark-bg-color has-text-color\"><em>Relations Publics, Influence et Communication Strat\u00e9gique<\/em><\/h1>\n\n\n\n<p><\/p>\n\n\n\n<div class=\"wp-block-buttons is-horizontal is-content-justification-center is-layout-flex wp-container-core-buttons-is-layout-499968f5 wp-block-buttons-is-layout-flex\">\n<div class=\"wp-block-button is-style-primary\"><a class=\"wp-block-button__link has-nv-text-dark-bg-color has-text-color has-background wp-element-button\" href=\"https:\/\/www.edile-consulting.com\/#services\" style=\"background-color:#b184bb\">Relations Publics<\/a><\/div>\n\n\n\n<div class=\"wp-block-button is-style-primary\"><a class=\"wp-block-button__link has-nv-text-dark-bg-color has-text-color has-background wp-element-button\" href=\"https:\/\/www.edile-consulting.com\/#services\" style=\"background-color:#1a8e9c\">Influence<\/a><\/div>\n\n\n\n<div class=\"wp-block-button is-style-primary\"><a class=\"wp-block-button__link has-nv-text-dark-bg-color has-neve-link-color-background-color has-text-color has-background wp-element-button\" href=\"https:\/\/www.edile-consulting.com\/#services\">Communication strat\u00e9gique<\/a><\/div>\n<\/div>\n\n\n\n<div style=\"height:20px\" aria-hidden=\"true\" class=\"wp-block-spacer\"><\/div>\n\n\n\n<p class=\"has-text-align-center has-nv-text-dark-bg-color has-text-color\">Depuis 2015, nous conseillons et accompagnons les Etats et les grandes organisations priv\u00e9es ou publiques.<\/p>\n\n\n\n<p class=\"has-text-align-center has-nv-text-dark-bg-color has-text-color\">Nos bureaux sont bas\u00e9s \u00e0 Paris et \u00e0 Bruxelles.<\/p>\n\n\n\n<div style=\"height:80px\" aria-hidden=\"true\" class=\"wp-block-spacer\"><\/div>\n<\/div><\/div>\n\n\n\n<div style=\"height:80px\" aria-hidden=\"true\" id=\"services\" class=\"wp-block-spacer\"><\/div>\n\n\n\n<div class=\"wp-block-columns is-layout-flex wp-container-core-columns-is-layout-9d6595d7 wp-block-columns-is-layout-flex\">\n<div class=\"wp-block-column is-layout-flow wp-block-column-is-layout-flow\">\n<div id=\"wp-block-themeisle-blocks-font-awesome-icons-368a3105\" class=\"wp-block-themeisle-blocks-font-awesome-icons\"><span class=\"wp-block-themeisle-blocks-font-awesome-icons-container\"><i class=\"far fa-handshake\"><\/i><\/span><\/div>\n\n\n\n<h3 class=\"wp-block-heading has-text-align-center has-text-color\" style=\"color:#b184bb\">Relations Publics<\/h3>\n\n\n\n<p class=\"has-text-align-center\">Nous accompagnons nos clients \u00e0 la rencontre de leurs publics, en g\u00e9rant pour eux, notamment, leurs relations avec les m\u00e9dias : publications, reportages TV ou radio, voyages de presse&#8230;<\/p>\n\n\n\n<div style=\"height:20px\" aria-hidden=\"true\" class=\"wp-block-spacer\"><\/div>\n<\/div>\n\n\n\n<div class=\"wp-block-column is-layout-flow wp-block-column-is-layout-flow\">\n<div id=\"wp-block-themeisle-blocks-font-awesome-icons-dad6482d\" class=\"wp-block-themeisle-blocks-font-awesome-icons\"><span class=\"wp-block-themeisle-blocks-font-awesome-icons-container\"><i class=\"fas fa-magic\"><\/i><\/span><\/div>\n\n\n\n<h3 class=\"wp-block-heading has-text-align-center has-text-color\" style=\"color:#1a8e9c\">Influence<\/h3>\n\n\n\n<p class=\"has-text-align-center\">Lobbying, affaires publiques ou institutionnelles, appelez \u00e7a comme vous voulez, nous nous chargeons de repr\u00e9senter et d\u00e9fendre les int\u00e9r\u00eats de nos clients aupr\u00e8s des d\u00e9cideurs institutionnels ou priv\u00e9s&#8230;<\/p>\n\n\n\n<div style=\"height:20px\" aria-hidden=\"true\" class=\"wp-block-spacer\"><\/div>\n<\/div>\n\n\n\n<div class=\"wp-block-column is-layout-flow wp-block-column-is-layout-flow\">\n<div id=\"wp-block-themeisle-blocks-font-awesome-icons-6941962a\" class=\"wp-block-themeisle-blocks-font-awesome-icons\"><span class=\"wp-block-themeisle-blocks-font-awesome-icons-container\"><i class=\"fas fa-chess\"><\/i><\/span><\/div>\n\n\n\n<h3 class=\"wp-block-heading has-text-align-center has-neve-link-color-color has-text-color\">Communication Strat\u00e9gique<\/h3>\n\n\n\n<p class=\"has-text-align-center\">Nous construisons la strat\u00e9gie de communication correspondant \u00e0 la vision et aux objectifs de nos clients, et nous accompagnons et appuyons son d\u00e9ploiement op\u00e9rationnel.<\/p>\n\n\n\n<div style=\"height:20px\" aria-hidden=\"true\" class=\"wp-block-spacer\"><\/div>\n<\/div>\n<\/div>\n\n\n\n<hr class=\"wp-block-separator has-css-opacity\"\/>\n\n\n\n<div style=\"height:80px\" aria-hidden=\"true\" class=\"wp-block-spacer\"><\/div>\n\n\n\n<div class=\"wp-block-columns is-layout-flex wp-container-core-columns-is-layout-9d6595d7 wp-block-columns-is-layout-flex\">\n<div class=\"wp-block-column is-layout-flow wp-block-column-is-layout-flow\" style=\"flex-basis:100%\">\n<div class=\"wp-block-group\"><div class=\"wp-block-group__inner-container is-layout-flow wp-block-group-is-layout-flow\">\n<div class=\"wp-block-columns is-layout-flex wp-container-core-columns-is-layout-9d6595d7 wp-block-columns-is-layout-flex\">\n<div class=\"wp-block-column is-layout-flow wp-block-column-is-layout-flow\" style=\"flex-basis:100%\">\n<div class=\"wp-block-columns is-layout-flex wp-container-core-columns-is-layout-9d6595d7 wp-block-columns-is-layout-flex\">\n<div class=\"wp-block-column is-layout-flow wp-block-column-is-layout-flow\" style=\"flex-basis:66.66%\">\n<figure class=\"wp-block-image size-large\"><img loading=\"lazy\" decoding=\"async\" width=\"750\" height=\"1024\" src=\"https:\/\/www.edile-consulting.com\/wp-content\/uploads\/2022\/04\/compo-photos-2-750x1024.png\" alt=\"\" class=\"wp-image-463\" srcset=\"https:\/\/www.edile-consulting.com\/wp-content\/uploads\/2022\/04\/compo-photos-2-750x1024.png 750w, https:\/\/www.edile-consulting.com\/wp-content\/uploads\/2022\/04\/compo-photos-2-220x300.png 220w, https:\/\/www.edile-consulting.com\/wp-content\/uploads\/2022\/04\/compo-photos-2-768x1049.png 768w, https:\/\/www.edile-consulting.com\/wp-content\/uploads\/2022\/04\/compo-photos-2-9x12.png 9w, https:\/\/www.edile-consulting.com\/wp-content\/uploads\/2022\/04\/compo-photos-2.png 1047w\" sizes=\"auto, (max-width: 750px) 100vw, 750px\" \/><\/figure>\n<\/div>\n\n\n\n<div class=\"wp-block-column is-vertically-aligned-center has-nv-light-bg-background-color has-background is-layout-flow wp-block-column-is-layout-flow\" style=\"flex-basis:33.33%\">\n<blockquote class=\"wp-block-quote is-style-plain is-layout-flow wp-block-quote-is-layout-flow\" style=\"font-size:14px;font-style:normal;font-weight:500\">\n<p>\u00ab\u00a0L\u2019humain au c\u0153ur de notre projet collectif.<\/p>\n\n\n\n<p>Edile Consulting est n\u00e9e de la volont\u00e9 d\u2019hommes et de femmes de faire des relations publics avec humanit\u00e9 et agilit\u00e9.<\/p>\n\n\n\n<p>B\u00e2tie sur un r\u00e9seau puissant et fid\u00e8le, la force de notre structure r\u00e9side dans l\u2019unicit\u00e9 accord\u00e9e \u00e0 chacun de nos clients. Loin d\u2019une entreprise de masse, Edile Consulting est un groupe \u00e0 taille humaine qui s\u2019engage pour chacun de ses clients avec passion, sinc\u00e9rit\u00e9 et professionnalisme.<\/p>\n\n\n\n<p>Notre credo, choisir nos clients et \u00eatre pr\u00e9sents \u00e0 chaque instant de notre parcours collaboratif.<\/p>\n\n\n\n<p>La confiance par la preuve est une v\u00e9ritable philosophie de faire chez Edile Consulting : notre relation se construit sur des r\u00e9sultats concrets et r\u00e9guliers.<\/p>\n\n\n\n<p>La proximit\u00e9, l\u2019exigence de r\u00e9sultats, le devoir de transparence, la constance dans nos relations ont permis \u00e0 Edile Consulting de multiplier son chiffre d\u2019affaires par 10 en moins de 10 ans.\u00a0\u00bb<\/p>\n<cite><em><strong>Sihem SOUID, CEO<\/strong><\/em><\/cite><\/blockquote>\n\n\n\n<figure class=\"wp-block-image size-thumbnail is-style-rounded\"><img loading=\"lazy\" decoding=\"async\" width=\"150\" height=\"150\" src=\"https:\/\/www.edile-consulting.com\/wp-content\/uploads\/2022\/04\/sihem-150x150.jpg\" alt=\"\" class=\"wp-image-338\" srcset=\"https:\/\/www.edile-consulting.com\/wp-content\/uploads\/2022\/04\/sihem-150x150.jpg 150w, https:\/\/www.edile-consulting.com\/wp-content\/uploads\/2022\/04\/sihem-300x300.jpg 300w, https:\/\/www.edile-consulting.com\/wp-content\/uploads\/2022\/04\/sihem-12x12.jpg 12w, https:\/\/www.edile-consulting.com\/wp-content\/uploads\/2022\/04\/sihem.jpg 730w\" sizes=\"auto, (max-width: 150px) 100vw, 150px\" \/><\/figure>\n<\/div>\n<\/div>\n<\/div>\n<\/div>\n<\/div><\/div>\n<\/div>\n<\/div>\n\n\n\n<div class=\"wp-block-cover alignfull is-light\" style=\"min-height:420px;aspect-ratio:unset;\" id=\"equipe\"><img loading=\"lazy\" decoding=\"async\" width=\"2121\" height=\"1414\" class=\"wp-block-cover__image-background wp-image-225\" alt=\"\" src=\"https:\/\/www.edile-consulting.com\/wp-content\/uploads\/2022\/04\/iStock-621698358.jpg\" style=\"object-position:50% 16%\" data-object-fit=\"cover\" data-object-position=\"50% 16%\" srcset=\"https:\/\/www.edile-consulting.com\/wp-content\/uploads\/2022\/04\/iStock-621698358.jpg 2121w, https:\/\/www.edile-consulting.com\/wp-content\/uploads\/2022\/04\/iStock-621698358-300x200.jpg 300w, https:\/\/www.edile-consulting.com\/wp-content\/uploads\/2022\/04\/iStock-621698358-1024x683.jpg 1024w, https:\/\/www.edile-consulting.com\/wp-content\/uploads\/2022\/04\/iStock-621698358-768x512.jpg 768w, https:\/\/www.edile-consulting.com\/wp-content\/uploads\/2022\/04\/iStock-621698358-1536x1024.jpg 1536w, https:\/\/www.edile-consulting.com\/wp-content\/uploads\/2022\/04\/iStock-621698358-2048x1365.jpg 2048w, https:\/\/www.edile-consulting.com\/wp-content\/uploads\/2022\/04\/iStock-621698358-18x12.jpg 18w, https:\/\/www.edile-consulting.com\/wp-content\/uploads\/2022\/04\/iStock-621698358-930x620.jpg 930w\" sizes=\"auto, (max-width: 2121px) 100vw, 2121px\" \/><span aria-hidden=\"true\" class=\"wp-block-cover__background has-background-dim-30 has-background-dim\" style=\"background-color:#52356d\"><\/span><div class=\"wp-block-cover__inner-container is-layout-flow wp-block-cover-is-layout-flow\">\n<div style=\"height:80px\" aria-hidden=\"true\" class=\"wp-block-spacer\"><\/div>\n\n\n\n<h2 class=\"wp-block-heading has-nv-text-dark-bg-color has-text-color\">Quelques membres de l&rsquo;\u00e9quipe&#8230;<\/h2>\n\n\n\n<div style=\"height:179px\" aria-hidden=\"true\" class=\"wp-block-spacer\"><\/div>\n\n\n\n<div class=\"wp-block-columns is-layout-flex wp-container-core-columns-is-layout-9d6595d7 wp-block-columns-is-layout-flex\">\n<div class=\"wp-block-column is-layout-flow wp-block-column-is-layout-flow\"><div class=\"wp-block-image is-style-rounded animated fadeIn\">\n<figure class=\"aligncenter size-medium\"><a href=\"https:\/\/www.sihemsouid.com\"><img loading=\"lazy\" decoding=\"async\" width=\"300\" height=\"300\" src=\"https:\/\/www.edile-consulting.com\/wp-content\/uploads\/2022\/04\/sihem-300x300.jpg\" alt=\"\" class=\"wp-image-338\" srcset=\"https:\/\/www.edile-consulting.com\/wp-content\/uploads\/2022\/04\/sihem-300x300.jpg 300w, https:\/\/www.edile-consulting.com\/wp-content\/uploads\/2022\/04\/sihem-150x150.jpg 150w, https:\/\/www.edile-consulting.com\/wp-content\/uploads\/2022\/04\/sihem-12x12.jpg 12w, https:\/\/www.edile-consulting.com\/wp-content\/uploads\/2022\/04\/sihem.jpg 730w\" sizes=\"auto, (max-width: 300px) 100vw, 300px\" \/><\/a><\/figure>\n<\/div>\n\n\n<p class=\"has-text-align-center has-nv-text-dark-bg-color has-text-color\"><strong>Sihem SOUID<\/strong><br>Cofondatrice, <i>CEO<\/i><\/p>\n<\/div>\n\n\n\n<div class=\"wp-block-column is-layout-flow wp-block-column-is-layout-flow\"><div class=\"wp-block-image is-style-rounded animated fadeIn\">\n<figure class=\"aligncenter size-medium\"><img loading=\"lazy\" decoding=\"async\" width=\"300\" height=\"300\" src=\"https:\/\/www.edile-consulting.com\/wp-content\/uploads\/2022\/02\/of-cravate-sq-1-300x300.jpg\" alt=\"\" class=\"wp-image-215\" srcset=\"https:\/\/www.edile-consulting.com\/wp-content\/uploads\/2022\/02\/of-cravate-sq-1-300x300.jpg 300w, https:\/\/www.edile-consulting.com\/wp-content\/uploads\/2022\/02\/of-cravate-sq-1-150x150.jpg 150w, https:\/\/www.edile-consulting.com\/wp-content\/uploads\/2022\/02\/of-cravate-sq-1-768x768.jpg 768w, https:\/\/www.edile-consulting.com\/wp-content\/uploads\/2022\/02\/of-cravate-sq-1-12x12.jpg 12w, https:\/\/www.edile-consulting.com\/wp-content\/uploads\/2022\/02\/of-cravate-sq-1.jpg 800w\" sizes=\"auto, (max-width: 300px) 100vw, 300px\" \/><\/figure>\n<\/div>\n\n\n<p class=\"has-text-align-center has-nv-text-dark-bg-color has-text-color\"><strong>Olivier FELTEN<\/strong><br>Cofondateur, <i>COO \/ Communication strat\u00e9gique<\/i><\/p>\n<\/div>\n\n\n\n<div class=\"wp-block-column is-layout-flow wp-block-column-is-layout-flow\"><div class=\"wp-block-image is-style-rounded animated fadeIn\">\n<figure class=\"aligncenter size-medium\"><img loading=\"lazy\" decoding=\"async\" width=\"300\" height=\"300\" src=\"https:\/\/www.edile-consulting.com\/wp-content\/uploads\/2022\/02\/felicia-1-300x300.jpg\" alt=\"\" class=\"wp-image-213\" srcset=\"https:\/\/www.edile-consulting.com\/wp-content\/uploads\/2022\/02\/felicia-1-300x300.jpg 300w, https:\/\/www.edile-consulting.com\/wp-content\/uploads\/2022\/02\/felicia-1-150x150.jpg 150w, https:\/\/www.edile-consulting.com\/wp-content\/uploads\/2022\/02\/felicia-1-12x12.jpg 12w, https:\/\/www.edile-consulting.com\/wp-content\/uploads\/2022\/02\/felicia-1.jpg 304w\" sizes=\"auto, (max-width: 300px) 100vw, 300px\" \/><\/figure>\n<\/div>\n\n\n<p class=\"has-text-align-center has-nv-text-dark-bg-color has-text-color\"><strong>Felicia BALAN<\/strong><br><i>Consultante senior UE \/ Belgique<\/i><\/p>\n<\/div>\n\n\n\n<div class=\"wp-block-column is-layout-flow wp-block-column-is-layout-flow\"><div class=\"wp-block-image is-style-rounded animated fadeIn\">\n<figure class=\"aligncenter size-full\"><img loading=\"lazy\" decoding=\"async\" width=\"858\" height=\"858\" src=\"https:\/\/www.edile-consulting.com\/wp-content\/uploads\/2023\/03\/anis.jpg\" alt=\"\" class=\"wp-image-573\" srcset=\"https:\/\/www.edile-consulting.com\/wp-content\/uploads\/2023\/03\/anis.jpg 858w, https:\/\/www.edile-consulting.com\/wp-content\/uploads\/2023\/03\/anis-300x300.jpg 300w, https:\/\/www.edile-consulting.com\/wp-content\/uploads\/2023\/03\/anis-150x150.jpg 150w, https:\/\/www.edile-consulting.com\/wp-content\/uploads\/2023\/03\/anis-768x768.jpg 768w, https:\/\/www.edile-consulting.com\/wp-content\/uploads\/2023\/03\/anis-12x12.jpg 12w\" sizes=\"auto, (max-width: 858px) 100vw, 858px\" \/><\/figure>\n<\/div>\n\n\n<p class=\"has-text-align-center has-nv-text-dark-bg-color has-text-color\"><strong>Anis BERRECHACHE<\/strong><br><i>Consultant Paris \/ Bruxelles<\/i><\/p>\n<\/div>\n\n\n\n<div class=\"wp-block-column is-layout-flow wp-block-column-is-layout-flow\"><div class=\"wp-block-image is-style-rounded animated fadeIn\">\n<figure class=\"aligncenter size-medium\"><img loading=\"lazy\" decoding=\"async\" width=\"300\" height=\"300\" src=\"https:\/\/www.edile-consulting.com\/wp-content\/uploads\/2022\/02\/arthur-1-300x300.jpg\" alt=\"\" class=\"wp-image-214\" srcset=\"https:\/\/www.edile-consulting.com\/wp-content\/uploads\/2022\/02\/arthur-1-300x300.jpg 300w, https:\/\/www.edile-consulting.com\/wp-content\/uploads\/2022\/02\/arthur-1-150x150.jpg 150w, https:\/\/www.edile-consulting.com\/wp-content\/uploads\/2022\/02\/arthur-1-768x768.jpg 768w, https:\/\/www.edile-consulting.com\/wp-content\/uploads\/2022\/02\/arthur-1-12x12.jpg 12w, https:\/\/www.edile-consulting.com\/wp-content\/uploads\/2022\/02\/arthur-1.jpg 848w\" sizes=\"auto, (max-width: 300px) 100vw, 300px\" \/><\/figure>\n<\/div>\n\n\n<p class=\"has-text-align-center has-nv-text-dark-bg-color has-text-color\"><strong>Arthur SMADJA<\/strong><br><i>Consultant junior Paris<\/i><\/p>\n<\/div>\n<\/div>\n\n\n\n<div style=\"height:30px\" aria-hidden=\"true\" class=\"wp-block-spacer\"><\/div>\n<\/div><\/div>\n\n\n\n<div class=\"wp-block-cover alignfull is-light\" style=\"min-height:420px;aspect-ratio:unset;\" id=\"contact\"><img loading=\"lazy\" decoding=\"async\" width=\"2121\" height=\"1414\" class=\"wp-block-cover__image-background wp-image-227\" alt=\"\" src=\"https:\/\/www.edile-consulting.com\/wp-content\/uploads\/2022\/04\/iStock-1272469361-1.jpg\" data-object-fit=\"cover\" srcset=\"https:\/\/www.edile-consulting.com\/wp-content\/uploads\/2022\/04\/iStock-1272469361-1.jpg 2121w, https:\/\/www.edile-consulting.com\/wp-content\/uploads\/2022\/04\/iStock-1272469361-1-300x200.jpg 300w, https:\/\/www.edile-consulting.com\/wp-content\/uploads\/2022\/04\/iStock-1272469361-1-1024x683.jpg 1024w, https:\/\/www.edile-consulting.com\/wp-content\/uploads\/2022\/04\/iStock-1272469361-1-768x512.jpg 768w, https:\/\/www.edile-consulting.com\/wp-content\/uploads\/2022\/04\/iStock-1272469361-1-1536x1024.jpg 1536w, https:\/\/www.edile-consulting.com\/wp-content\/uploads\/2022\/04\/iStock-1272469361-1-2048x1365.jpg 2048w, https:\/\/www.edile-consulting.com\/wp-content\/uploads\/2022\/04\/iStock-1272469361-1-18x12.jpg 18w, https:\/\/www.edile-consulting.com\/wp-content\/uploads\/2022\/04\/iStock-1272469361-1-930x620.jpg 930w\" sizes=\"auto, (max-width: 2121px) 100vw, 2121px\" \/><span aria-hidden=\"true\" class=\"wp-block-cover__background has-nv-light-bg-background-color has-background-dim-50 has-background-dim\"><\/span><div class=\"wp-block-cover__inner-container is-layout-flow wp-block-cover-is-layout-flow\">\n<div style=\"height:80px\" aria-hidden=\"true\" class=\"wp-block-spacer\"><\/div>\n\n\n<div class=\"wpforms-container wpforms-container-full wpforms-block wpforms-block-bb53e423-a020-4461-b1a1-f1b472a00593\" id=\"wpforms-356\"><form id=\"wpforms-form-356\" class=\"wpforms-validate wpforms-form wpforms-ajax-form\" data-formid=\"356\" method=\"post\" enctype=\"multipart\/form-data\" action=\"\/en\/wp-json\/wp\/v2\/pages\/307\" data-token=\"a9d97839b82158a03e0b9ffa37c5017f\" data-token-time=\"1777727122\"><div class=\"wpforms-head-container\"><div class=\"wpforms-title\">Nous contacter :<\/div><\/div><noscript class=\"wpforms-error-noscript\">Please enable JavaScript in your browser to complete this form.<\/noscript><div class=\"wpforms-field-container\"><div id=\"wpforms-356-field_0-container\" class=\"wpforms-field wpforms-field-name\" data-field-id=\"0\"><label class=\"wpforms-field-label\">Votre identit\u00e9 : <span class=\"wpforms-required-label\">*<\/span><\/label><div class=\"wpforms-field-row wpforms-field-medium\"><div class=\"wpforms-field-row-block wpforms-first wpforms-one-half\"><input type=\"text\" id=\"wpforms-356-field_0\" class=\"wpforms-field-name-first wpforms-field-required\" name=\"wpforms[fields][0][first]\" required><label for=\"wpforms-356-field_0\" class=\"wpforms-field-sublabel after\">First<\/label><\/div><div class=\"wpforms-field-row-block wpforms-one-half\"><input type=\"text\" id=\"wpforms-356-field_0-last\" class=\"wpforms-field-name-last wpforms-field-required\" name=\"wpforms[fields][0][last]\" required><label for=\"wpforms-356-field_0-last\" class=\"wpforms-field-sublabel after\">Last<\/label><\/div><\/div><\/div><div id=\"wpforms-356-field_5-container\" class=\"wpforms-field wpforms-field-text\" data-field-id=\"5\"><label class=\"wpforms-field-label\" for=\"wpforms-356-field_5\">Nom de votre organisation <\/label><input type=\"text\" id=\"wpforms-356-field_5\" class=\"wpforms-field-medium\" name=\"wpforms[fields][5]\" ><\/div><div id=\"wpforms-356-field_6-container\" class=\"wpforms-field wpforms-field-text\" data-field-id=\"6\"><label class=\"wpforms-field-label\" for=\"wpforms-356-field_6\">Votre fonction<\/label><input type=\"text\" id=\"wpforms-356-field_6\" class=\"wpforms-field-medium\" name=\"wpforms[fields][6]\" ><\/div><div id=\"wpforms-356-field_1-container\" class=\"wpforms-field wpforms-field-email\" data-field-id=\"1\"><label class=\"wpforms-field-label\" for=\"wpforms-356-field_1\">Votre adresse Email <span class=\"wpforms-required-label\">*<\/span><\/label><input type=\"email\" id=\"wpforms-356-field_1\" class=\"wpforms-field-medium wpforms-field-required\" name=\"wpforms[fields][1]\" spellcheck=\"false\" required><\/div><div id=\"wpforms-356-field_7-container\" class=\"wpforms-field wpforms-field-text\" data-field-id=\"7\"><label class=\"wpforms-field-label\" for=\"wpforms-356-field_7\">Votre num\u00e9ro de t\u00e9l\u00e9phone<\/label><input type=\"text\" id=\"wpforms-356-field_7\" class=\"wpforms-field-medium\" name=\"wpforms[fields][7]\" ><\/div><div id=\"wpforms-356-field_2-container\" class=\"wpforms-field wpforms-field-textarea\" data-field-id=\"2\"><label class=\"wpforms-field-label\" for=\"wpforms-356-field_2\">Votre Message <span class=\"wpforms-required-label\">*<\/span><\/label><textarea id=\"wpforms-356-field_2\" class=\"wpforms-field-medium wpforms-field-required\" name=\"wpforms[fields][2]\" required><\/textarea><\/div><\/div><!-- .wpforms-field-container --><div class=\"wpforms-recaptcha-container wpforms-is-recaptcha wpforms-is-recaptcha-type-v2\" ><div class=\"g-recaptcha\" data-sitekey=\"6LfaCYUfAAAAAN2uhhD-3GBDiZdQqymFfVmcCJaR\"><\/div><input type=\"text\" name=\"g-recaptcha-hidden\" class=\"wpforms-recaptcha-hidden\" style=\"position:absolute!important;clip:rect(0,0,0,0)!important;height:1px!important;width:1px!important;border:0!important;overflow:hidden!important;padding:0!important;margin:0!important;\" data-rule-recaptcha=\"1\"><\/div><div class=\"wpforms-submit-container\" ><input type=\"hidden\" name=\"wpforms[id]\" value=\"356\"><input type=\"hidden\" name=\"page_title\" value=\"\"><input type=\"hidden\" name=\"page_url\" value=\"https:\/\/www.edile-consulting.com\/en\/wp-json\/wp\/v2\/pages\/307\"><input type=\"hidden\" name=\"url_referer\" value=\"\"><button type=\"submit\" name=\"wpforms[submit]\" id=\"wpforms-submit-356\" class=\"wpforms-submit\" data-alt-text=\"Envoi...\" data-submit-text=\"Envoyer\" aria-live=\"assertive\" value=\"wpforms-submit\">Envoyer<\/button><img loading=\"lazy\" decoding=\"async\" src=\"https:\/\/www.edile-consulting.com\/wp-content\/plugins\/wpforms-lite\/assets\/images\/submit-spin.svg\" class=\"wpforms-submit-spinner\" style=\"display: none;\" width=\"26\" height=\"26\" alt=\"Loading\"><\/div><\/form><\/div>  <!-- .wpforms-container -->\n\n\n<div style=\"height:30px\" aria-hidden=\"true\" class=\"wp-block-spacer\"><\/div>\n<\/div><\/div>\n","protected":false},"excerpt":{"rendered":"<p>Relations Publics Nous accompagnons nos clients \u00e0 la rencontre de leurs publics, en g\u00e9rant pour eux, notamment, leurs relations avec les m\u00e9dias : publications, reportages TV ou radio, voyages de presse&#8230; Influence Lobbying, affaires publiques ou institutionnelles, appelez \u00e7a comme vous voulez, nous nous chargeons de repr\u00e9senter et d\u00e9fendre les int\u00e9r\u00eats de nos clients aupr\u00e8s&hellip;&nbsp;<a href=\"https:\/\/www.edile-consulting.com\/en\/\" class=\"\" rel=\"bookmark\">Read More &raquo;<span class=\"screen-reader-text\">Home<\/span><\/a><\/p>","protected":false},"author":1,"featured_media":0,"parent":0,"menu_order":0,"comment_status":"closed","ping_status":"closed","template":"","meta":{"neve_meta_sidebar":"default","neve_meta_container":"default","neve_meta_enable_content_width":"on","neve_meta_content_width":100,"neve_meta_title_alignment":"left","neve_meta_author_avatar":"","neve_post_elements_order":"","neve_meta_disable_header":"","neve_meta_disable_footer":"","neve_meta_disable_title":"on","_themeisle_gutenberg_block_has_review":false,"footnotes":""},"class_list":["post-307","page","type-page","status-publish","hentry"],"jetpack_sharing_enabled":true,"_links":{"self":[{"href":"https:\/\/www.edile-consulting.com\/en\/wp-json\/wp\/v2\/pages\/307","targetHints":{"allow":["GET"]}}],"collection":[{"href":"https:\/\/www.edile-consulting.com\/en\/wp-json\/wp\/v2\/pages"}],"about":[{"href":"https:\/\/www.edile-consulting.com\/en\/wp-json\/wp\/v2\/types\/page"}],"author":[{"embeddable":true,"href":"https:\/\/www.edile-consulting.com\/en\/wp-json\/wp\/v2\/users\/1"}],"replies":[{"embeddable":true,"href":"https:\/\/www.edile-consulting.com\/en\/wp-json\/wp\/v2\/comments?post=307"}],"version-history":[{"count":59,"href":"https:\/\/www.edile-consulting.com\/en\/wp-json\/wp\/v2\/pages\/307\/revisions"}],"predecessor-version":[{"id":661,"href":"https:\/\/www.edile-consulting.com\/en\/wp-json\/wp\/v2\/pages\/307\/revisions\/661"}],"wp:attachment":[{"href":"https:\/\/www.edile-consulting.com\/en\/wp-json\/wp\/v2\/media?parent=307"}],"curies":[{"name":"wp","href":"https:\/\/api.w.org\/{rel}","templated":true}]}}